{"id":50,"date":"2019-02-02T19:30:02","date_gmt":"2019-02-02T19:30:02","guid":{"rendered":"http:\/\/birkenhof-neuhausen.de\/?page_id=50"},"modified":"2019-02-02T19:30:02","modified_gmt":"2019-02-02T19:30:02","slug":"anlage","status":"publish","type":"page","link":"https:\/\/birkenhof-neuhausen.de\/?page_id=50","title":{"rendered":"Anlage"},"content":{"rendered":"\n<p>Unsere Anlage bietet gro\u00dfz\u00fcgige und helle Innen-, Au\u00dfen- und Paddockboxen sowie optimale Bedingungen, um die Pferde zu bewegen und entspannte Stunden im Stall zu verbringen.<\/p>\n\n\n<p>\u00a0<\/p>\n<ul>\n<li>Reithalle: 25x57m<\/li>\n<li>Au\u00dfenplatz: 20x40m, Flutlicht\u00a0<\/li>\n<li>Springplatz inkl. einiger VS-Hindernisse<!-- \/wp:paragraph --> <!-- wp:paragraph --><\/li>\n<li>Longierhalle: \u00d8 20m<!-- \/wp:paragraph --> <!-- wp:paragraph --><\/li>\n<li>F\u00fchranlage<!-- \/wp:paragraph --> <!-- wp:paragraph --><\/li>\n<li>Gro\u00dfz\u00fcgige Sommer- und Winterkoppeln<!-- \/wp:paragraph --> <!-- wp:paragraph --><\/li>\n<li>\u00dcberdachte Putzpl\u00e4tze<!-- \/wp:paragraph --> <!-- wp:paragraph --><\/li>\n<li>\u00dcberdachter Waschplatz<!-- \/wp:paragraph --> <!-- wp:paragraph --><\/li>\n<li>Solarium<!-- \/wp:paragraph --> <!-- wp:paragraph --><\/li>\n<li>Teilweise \u00fcberdachte Anh\u00e4ngerparkpl\u00e4tze<!-- \/wp:paragraph --> <!-- wp:paragraph --><\/li>\n<li>Sattelkammern mit Schr\u00e4nken und Sattelhaltern<!-- \/wp:paragraph --> <!-- wp:paragraph --><\/li>\n<li>Beheiztes Reiterst\u00fcbchen<!-- wp:list --><!-- \/wp:paragraph --><\/li>\n<\/ul>\n<p><!-- \/wp:list --><\/p>","protected":false},"excerpt":{"rendered":"<p>Unsere Anlage bietet gro\u00dfz\u00fcgige und helle Innen-, Au\u00dfen- und Paddockboxen sowie optimale Bedingungen, um die Pferde zu bewegen und entspannte Stunden im Stall zu verbringen. \u00a0 Reithalle: 25x57m Au\u00dfenplatz: 20x40m, Flutlicht\u00a0 Springplatz inkl. einiger VS-Hindernisse Longierhalle: \u00d8 20m F\u00fchranlage Gro\u00dfz\u00fcgige Sommer- und Winterkoppeln \u00dcberdachte Putzpl\u00e4tze \u00dcberdachter Waschplatz Solarium Teilweise \u00fcberdachte Anh\u00e4ngerparkpl\u00e4tze Sattelkammern mit Schr\u00e4nken und &hellip; <\/p>\n<p class=\"link-more\"><a href=\"https:\/\/birkenhof-neuhausen.de\/?page_id=50\" class=\"more-link\"><span class=\"screen-reader-text\">\u201eAnlage\u201c<\/span> weiterlesen<\/a><\/p>\n","protected":false},"author":1,"featured_media":0,"parent":0,"menu_order":0,"comment_status":"closed","ping_status":"closed","template":"","meta":{"footnotes":""},"_links":{"self":[{"href":"https:\/\/birkenhof-neuhausen.de\/index.php?rest_route=\/wp\/v2\/pages\/50"}],"collection":[{"href":"https:\/\/birkenhof-neuhausen.de\/index.php?rest_route=\/wp\/v2\/pages"}],"about":[{"href":"https:\/\/birkenhof-neuhausen.de\/index.php?rest_route=\/wp\/v2\/types\/page"}],"author":[{"embeddable":true,"href":"https:\/\/birkenhof-neuhausen.de\/index.php?rest_route=\/wp\/v2\/users\/1"}],"replies":[{"embeddable":true,"href":"https:\/\/birkenhof-neuhausen.de\/index.php?rest_route=%2Fwp%2Fv2%2Fcomments&post=50"}],"version-history":[{"count":4,"href":"https:\/\/birkenhof-neuhausen.de\/index.php?rest_route=\/wp\/v2\/pages\/50\/revisions"}],"predecessor-version":[{"id":86,"href":"https:\/\/birkenhof-neuhausen.de\/index.php?rest_route=\/wp\/v2\/pages\/50\/revisions\/86"}],"wp:attachment":[{"href":"https:\/\/birkenhof-neuhausen.de\/index.php?rest_route=%2Fwp%2Fv2%2Fmedia&parent=50"}],"curies":[{"name":"wp","href":"https:\/\/api.w.org\/{rel}","templated":true}]}}